{"id":59,"date":"2021-08-23T13:02:14","date_gmt":"2021-08-23T10:02:14","guid":{"rendered":"https:\/\/q4tech.com.tr\/?page_id=59"},"modified":"2021-08-25T13:42:57","modified_gmt":"2021-08-25T10:42:57","slug":"iletisim","status":"publish","type":"page","link":"https:\/\/q4tech.com.tr\/eng\/iletisim\/","title":{"rendered":"Contact"},"content":{"rendered":"\t\t<div data-elementor-type=\"wp-page\" data-elementor-id=\"59\" class=\"elementor elementor-59\" data-elementor-post-type=\"page\">\n\t\t\t\t\t\t<section class=\"elementor-section elementor-top-section elementor-element elementor-element-d2ca446 elementor-section-boxed elementor-section-height-default elementor-section-height-default\" data-id=\"d2ca446\" data-element_type=\"section\" data-e-type=\"section\" data-settings=\"{&quot;background_background&quot;:&quot;classic&quot;,&quot;background_motion_fx_motion_fx_scrolling&quot;:&quot;yes&quot;,&quot;background_motion_fx_devices&quot;:[&quot;desktop&quot;,&quot;tablet&quot;,&quot;mobile&quot;]}\">\n\t\t\t\t\t\t<div class=\"elementor-container elementor-column-gap-default\">\n\t\t\t\t\t<div class=\"elementor-column elementor-col-100 elementor-top-column elementor-element elementor-element-2f72f84\" data-id=\"2f72f84\" data-element_type=\"column\" data-e-type=\"column\">\n\t\t\t<div class=\"elementor-widget-wrap elementor-element-populated\">\n\t\t\t\t\t\t<div class=\"elementor-element elementor-element-7ac3430 elementor-widget__width-initial elementor-widget elementor-widget-heading\" data-id=\"7ac3430\" data-element_type=\"widget\" data-e-type=\"widget\" data-widget_type=\"heading.default\">\n\t\t\t\t<div class=\"elementor-widget-container\">\n\t\t\t\t\t<h1 class=\"elementor-heading-title elementor-size-default\">Bize Ula\u015f\u0131n<\/h1>\t\t\t\t<\/div>\n\t\t\t\t<\/div>\n\t\t\t\t<div class=\"elementor-element elementor-element-fbee6f5 elementor-widget__width-initial elementor-widget elementor-widget-text-editor\" data-id=\"fbee6f5\" data-element_type=\"widget\" data-e-type=\"widget\" data-widget_type=\"text-editor.default\">\n\t\t\t\t<div class=\"elementor-widget-container\">\n\t\t\t\t\t\t\t\t\tHizmetlerimiz hakk\u0131nda sorular\u0131n\u0131z\u0131 ve proje tekliflerinizi a\u015fa\u011f\u0131da form arac\u0131l\u0131\u011f\u0131yla bize iletebilir veya ileti\u015fim bilgilerimizden bizlere ula\u015fabilirsiniz.\t\t\t\t\t\t\t\t<\/div>\n\t\t\t\t<\/div>\n\t\t\t\t<div class=\"elementor-element elementor-element-db29a0b elementor-widget elementor-widget-image\" data-id=\"db29a0b\" data-element_type=\"widget\" data-e-type=\"widget\" data-widget_type=\"image.default\">\n\t\t\t\t<div class=\"elementor-widget-container\">\n\t\t\t\t\t\t\t\t\t\t\t\t\t\t\t<img fetchpriority=\"high\" decoding=\"async\" width=\"1260\" height=\"600\" src=\"https:\/\/q4tech.com.tr\/wp-content\/uploads\/2021\/08\/asset-4.jpg\" class=\"attachment-full size-full wp-image-354\" alt=\"\" srcset=\"https:\/\/q4tech.com.tr\/wp-content\/uploads\/2021\/08\/asset-4.jpg 1260w, https:\/\/q4tech.com.tr\/wp-content\/uploads\/2021\/08\/asset-4-300x143.jpg 300w, https:\/\/q4tech.com.tr\/wp-content\/uploads\/2021\/08\/asset-4-1024x488.jpg 1024w, https:\/\/q4tech.com.tr\/wp-content\/uploads\/2021\/08\/asset-4-768x366.jpg 768w, https:\/\/q4tech.com.tr\/wp-content\/uploads\/2021\/08\/asset-4-18x9.jpg 18w\" sizes=\"(max-width: 1260px) 100vw, 1260px\" \/>\t\t\t\t\t\t\t\t\t\t\t\t\t\t\t<\/div>\n\t\t\t\t<\/div>\n\t\t\t\t<section class=\"elementor-section elementor-inner-section elementor-element elementor-element-e77d73b elementor-section-boxed elementor-section-height-default elementor-section-height-default\" data-id=\"e77d73b\" data-element_type=\"section\" data-e-type=\"section\">\n\t\t\t\t\t\t<div class=\"elementor-container elementor-column-gap-default\">\n\t\t\t\t\t<div class=\"elementor-column elementor-col-50 elementor-inner-column elementor-element elementor-element-7e1ca7b\" data-id=\"7e1ca7b\" data-element_type=\"column\" data-e-type=\"column\">\n\t\t\t<div class=\"elementor-widget-wrap elementor-element-populated\">\n\t\t\t\t\t\t<div class=\"elementor-element elementor-element-516a487 elementor-position-inline-start elementor-widget__width-initial elementor-view-default elementor-mobile-position-block-start elementor-widget elementor-widget-icon-box\" data-id=\"516a487\" data-element_type=\"widget\" data-e-type=\"widget\" data-widget_type=\"icon-box.default\">\n\t\t\t\t<div class=\"elementor-widget-container\">\n\t\t\t\t\t\t\t<div class=\"elementor-icon-box-wrapper\">\n\n\t\t\t\t\t\t<div class=\"elementor-icon-box-icon\">\n\t\t\t\t<span  class=\"elementor-icon\">\n\t\t\t\t<i aria-hidden=\"true\" class=\"icons icons-map-icon\"><\/i>\t\t\t\t<\/span>\n\t\t\t<\/div>\n\t\t\t\n\t\t\t\t\t\t<div class=\"elementor-icon-box-content\">\n\n\t\t\t\t\t\t\t\t\t<h4 class=\"elementor-icon-box-title\">\n\t\t\t\t\t\t<span  >\n\t\t\t\t\t\t\tAdres\t\t\t\t\t\t<\/span>\n\t\t\t\t\t<\/h4>\n\t\t\t\t\n\t\t\t\t\t\t\t\t\t<p class=\"elementor-icon-box-description\">\n\t\t\t\t\t\tAlaaddin Bey Mah.Pazar (380) Cad. No:1\/9 16120 Nil\u00fcfer-Bursa\t\t\t\t\t<\/p>\n\t\t\t\t\n\t\t\t<\/div>\n\t\t\t\n\t\t<\/div>\n\t\t\t\t\t\t<\/div>\n\t\t\t\t<\/div>\n\t\t\t\t<div class=\"elementor-element elementor-element-b920b58 elementor-position-inline-start elementor-widget__width-initial elementor-view-default elementor-mobile-position-block-start elementor-widget elementor-widget-icon-box\" data-id=\"b920b58\" data-element_type=\"widget\" data-e-type=\"widget\" data-widget_type=\"icon-box.default\">\n\t\t\t\t<div class=\"elementor-widget-container\">\n\t\t\t\t\t\t\t<div class=\"elementor-icon-box-wrapper\">\n\n\t\t\t\t\t\t<div class=\"elementor-icon-box-icon\">\n\t\t\t\t<a href=\"tel:+905327407199\" class=\"elementor-icon\" tabindex=\"-1\" aria-label=\"Telefon\">\n\t\t\t\t<i aria-hidden=\"true\" class=\"icons icons-phone-icon\"><\/i>\t\t\t\t<\/a>\n\t\t\t<\/div>\n\t\t\t\n\t\t\t\t\t\t<div class=\"elementor-icon-box-content\">\n\n\t\t\t\t\t\t\t\t\t<h4 class=\"elementor-icon-box-title\">\n\t\t\t\t\t\t<a href=\"tel:+905327407199\" >\n\t\t\t\t\t\t\tTelefon\t\t\t\t\t\t<\/a>\n\t\t\t\t\t<\/h4>\n\t\t\t\t\n\t\t\t\t\t\t\t\t\t<p class=\"elementor-icon-box-description\">\n\t\t\t\t\t\t+90 532 740 71 99\t\t\t\t\t<\/p>\n\t\t\t\t\n\t\t\t<\/div>\n\t\t\t\n\t\t<\/div>\n\t\t\t\t\t\t<\/div>\n\t\t\t\t<\/div>\n\t\t\t\t<div class=\"elementor-element elementor-element-b974577 elementor-position-inline-start elementor-widget__width-initial elementor-view-default elementor-mobile-position-block-start elementor-widget elementor-widget-icon-box\" data-id=\"b974577\" data-element_type=\"widget\" data-e-type=\"widget\" data-widget_type=\"icon-box.default\">\n\t\t\t\t<div class=\"elementor-widget-container\">\n\t\t\t\t\t\t\t<div class=\"elementor-icon-box-wrapper\">\n\n\t\t\t\t\t\t<div class=\"elementor-icon-box-icon\">\n\t\t\t\t<a href=\"mailto:info@q4tech.com.tr\" class=\"elementor-icon\" tabindex=\"-1\" aria-label=\"E-Posta\">\n\t\t\t\t<i aria-hidden=\"true\" class=\"icons icons-mail-icon\"><\/i>\t\t\t\t<\/a>\n\t\t\t<\/div>\n\t\t\t\n\t\t\t\t\t\t<div class=\"elementor-icon-box-content\">\n\n\t\t\t\t\t\t\t\t\t<h4 class=\"elementor-icon-box-title\">\n\t\t\t\t\t\t<a href=\"mailto:info@q4tech.com.tr\" >\n\t\t\t\t\t\t\tE-Posta\t\t\t\t\t\t<\/a>\n\t\t\t\t\t<\/h4>\n\t\t\t\t\n\t\t\t\t\t\t\t\t\t<p class=\"elementor-icon-box-description\">\n\t\t\t\t\t\tinfo@q4tech.com.tr\t\t\t\t\t<\/p>\n\t\t\t\t\n\t\t\t<\/div>\n\t\t\t\n\t\t<\/div>\n\t\t\t\t\t\t<\/div>\n\t\t\t\t<\/div>\n\t\t\t\t\t<\/div>\n\t\t<\/div>\n\t\t\t\t<div class=\"elementor-column elementor-col-50 elementor-inner-column elementor-element elementor-element-1659c11\" data-id=\"1659c11\" data-element_type=\"column\" data-e-type=\"column\">\n\t\t\t<div class=\"elementor-widget-wrap elementor-element-populated\">\n\t\t\t\t\t\t<div class=\"elementor-element elementor-element-3f012ff elementor-widget__width-initial elementor-widget elementor-widget-google_maps\" data-id=\"3f012ff\" data-element_type=\"widget\" data-e-type=\"widget\" data-widget_type=\"google_maps.default\">\n\t\t\t\t<div class=\"elementor-widget-container\">\n\t\t\t\t\t\t\t<div class=\"elementor-custom-embed\">\n\t\t\t<iframe loading=\"lazy\"\n\t\t\t\t\tsrc=\"https:\/\/maps.google.com\/maps?q=Alaaddin%20Bey%20Mah.Pazar%20%28380%29%20Cad.%20No%3A1%2F9%2016120%20Nil%C3%BCfer-Bursa&#038;t=m&#038;z=15&#038;output=embed&#038;iwloc=near\"\n\t\t\t\t\ttitle=\"Alaaddin Bey Mah.Pazar (380) Cad. No:1\/9 16120 Nil\u00fcfer-Bursa\"\n\t\t\t\t\taria-label=\"Alaaddin Bey Mah.Pazar (380) Cad. No:1\/9 16120 Nil\u00fcfer-Bursa\"\n\t\t\t><\/iframe>\n\t\t<\/div>\n\t\t\t\t\t\t<\/div>\n\t\t\t\t<\/div>\n\t\t\t\t\t<\/div>\n\t\t<\/div>\n\t\t\t\t\t<\/div>\n\t\t<\/section>\n\t\t\t\t\t<\/div>\n\t\t<\/div>\n\t\t\t\t\t<\/div>\n\t\t<\/section>\n\t\t\t\t<\/div>\n\t\t","protected":false},"excerpt":{"rendered":"<p>Bize Ula\u015f\u0131n Hizmetlerimiz hakk\u0131nda sorular\u0131n\u0131z\u0131 ve proje tekliflerinizi a\u015fa\u011f\u0131da form arac\u0131l\u0131\u011f\u0131yla bize iletebilir veya ileti\u015fim bilgilerimizden bizlere ula\u015fabilirsiniz. Adres Alaaddin Bey Mah.Pazar (380) Cad. No:1\/9 16120 Nil\u00fcfer-Bursa Telefon +90 532 740 71 99 E-Posta info@q4tech.com.tr<\/p>","protected":false},"author":1,"featured_media":0,"parent":0,"menu_order":0,"comment_status":"closed","ping_status":"closed","template":"","meta":{"footnotes":""},"class_list":["post-59","page","type-page","status-publish","hentry"],"yoast_head":"<!-- This site is optimized with the Yoast SEO plugin v27.4 - https:\/\/yoast.com\/product\/yoast-seo-wordpress\/ -->\n<title>\u0130leti\u015fim &#8226; Q4tech<\/title>\n<meta name=\"robots\" content=\"index, follow, max-snippet:-1, max-image-preview:large, max-video-preview:-1\" \/>\n<link rel=\"canonical\" href=\"https:\/\/q4tech.com.tr\/eng\/iletisim\/\" \/>\n<meta property=\"og:locale\" content=\"en_GB\" \/>\n<meta property=\"og:type\" content=\"article\" \/>\n<meta property=\"og:title\" content=\"\u0130leti\u015fim &#8226; Q4tech\" \/>\n<meta property=\"og:description\" content=\"Bize Ula\u015f\u0131n Hizmetlerimiz hakk\u0131nda sorular\u0131n\u0131z\u0131 ve proje tekliflerinizi a\u015fa\u011f\u0131da form arac\u0131l\u0131\u011f\u0131yla bize iletebilir veya ileti\u015fim bilgilerimizden bizlere ula\u015fabilirsiniz. Adres Alaaddin Bey Mah.Pazar (380) Cad. No:1\/9 16120 Nil\u00fcfer-Bursa Telefon +90 532 740 71 99 E-Posta info@q4tech.com.tr\" \/>\n<meta property=\"og:url\" content=\"https:\/\/q4tech.com.tr\/eng\/iletisim\/\" \/>\n<meta property=\"og:site_name\" content=\"Q4tech\" \/>\n<meta property=\"article:modified_time\" content=\"2021-08-25T10:42:57+00:00\" \/>\n<meta property=\"og:image\" content=\"https:\/\/q4tech.com.tr\/wp-content\/uploads\/2021\/08\/asset-4.jpg\" \/>\n<meta name=\"twitter:card\" content=\"summary_large_image\" \/>\n<meta name=\"twitter:label1\" content=\"Estimated reading time\" \/>\n\t<meta name=\"twitter:data1\" content=\"1 minute\" \/>\n<script type=\"application\/ld+json\" class=\"yoast-schema-graph\">{\"@context\":\"https:\\\/\\\/schema.org\",\"@graph\":[{\"@type\":\"WebPage\",\"@id\":\"https:\\\/\\\/q4tech.com.tr\\\/iletisim\\\/\",\"url\":\"https:\\\/\\\/q4tech.com.tr\\\/iletisim\\\/\",\"name\":\"\u0130leti\u015fim &#8226; Q4tech\",\"isPartOf\":{\"@id\":\"https:\\\/\\\/q4tech.com.tr\\\/#website\"},\"primaryImageOfPage\":{\"@id\":\"https:\\\/\\\/q4tech.com.tr\\\/iletisim\\\/#primaryimage\"},\"image\":{\"@id\":\"https:\\\/\\\/q4tech.com.tr\\\/iletisim\\\/#primaryimage\"},\"thumbnailUrl\":\"http:\\\/\\\/q4tech.com.tr\\\/wp-content\\\/uploads\\\/2021\\\/08\\\/asset-4.jpg\",\"datePublished\":\"2021-08-23T10:02:14+00:00\",\"dateModified\":\"2021-08-25T10:42:57+00:00\",\"breadcrumb\":{\"@id\":\"https:\\\/\\\/q4tech.com.tr\\\/iletisim\\\/#breadcrumb\"},\"inLanguage\":\"en-GB\",\"potentialAction\":[{\"@type\":\"ReadAction\",\"target\":[\"https:\\\/\\\/q4tech.com.tr\\\/iletisim\\\/\"]}]},{\"@type\":\"ImageObject\",\"inLanguage\":\"en-GB\",\"@id\":\"https:\\\/\\\/q4tech.com.tr\\\/iletisim\\\/#primaryimage\",\"url\":\"http:\\\/\\\/q4tech.com.tr\\\/wp-content\\\/uploads\\\/2021\\\/08\\\/asset-4.jpg\",\"contentUrl\":\"http:\\\/\\\/q4tech.com.tr\\\/wp-content\\\/uploads\\\/2021\\\/08\\\/asset-4.jpg\"},{\"@type\":\"BreadcrumbList\",\"@id\":\"https:\\\/\\\/q4tech.com.tr\\\/iletisim\\\/#breadcrumb\",\"itemListElement\":[{\"@type\":\"ListItem\",\"position\":1,\"name\":\"Home\",\"item\":\"https:\\\/\\\/q4tech.com.tr\\\/\"},{\"@type\":\"ListItem\",\"position\":2,\"name\":\"\u0130leti\u015fim\"}]},{\"@type\":\"WebSite\",\"@id\":\"https:\\\/\\\/q4tech.com.tr\\\/#website\",\"url\":\"https:\\\/\\\/q4tech.com.tr\\\/\",\"name\":\"Q4tecth\",\"description\":\"Quick | Qualified | Questionable | Quality\",\"publisher\":{\"@id\":\"https:\\\/\\\/q4tech.com.tr\\\/#organization\"},\"potentialAction\":[{\"@type\":\"SearchAction\",\"target\":{\"@type\":\"EntryPoint\",\"urlTemplate\":\"https:\\\/\\\/q4tech.com.tr\\\/?s={search_term_string}\"},\"query-input\":{\"@type\":\"PropertyValueSpecification\",\"valueRequired\":true,\"valueName\":\"search_term_string\"}}],\"inLanguage\":\"en-GB\"},{\"@type\":\"Organization\",\"@id\":\"https:\\\/\\\/q4tech.com.tr\\\/#organization\",\"name\":\"Q4Tech\",\"url\":\"https:\\\/\\\/q4tech.com.tr\\\/\",\"logo\":{\"@type\":\"ImageObject\",\"inLanguage\":\"en-GB\",\"@id\":\"https:\\\/\\\/q4tech.com.tr\\\/#\\\/schema\\\/logo\\\/image\\\/\",\"url\":\"https:\\\/\\\/q4tech.com.tr\\\/wp-content\\\/uploads\\\/2021\\\/06\\\/logo.svg\",\"contentUrl\":\"https:\\\/\\\/q4tech.com.tr\\\/wp-content\\\/uploads\\\/2021\\\/06\\\/logo.svg\",\"width\":1,\"height\":1,\"caption\":\"Q4Tech\"},\"image\":{\"@id\":\"https:\\\/\\\/q4tech.com.tr\\\/#\\\/schema\\\/logo\\\/image\\\/\"}}]}<\/script>\n<!-- \/ Yoast SEO plugin. -->","yoast_head_json":{"title":"\u0130leti\u015fim &#8226; Q4tech","robots":{"index":"index","follow":"follow","max-snippet":"max-snippet:-1","max-image-preview":"max-image-preview:large","max-video-preview":"max-video-preview:-1"},"canonical":"https:\/\/q4tech.com.tr\/eng\/iletisim\/","og_locale":"en_GB","og_type":"article","og_title":"\u0130leti\u015fim &#8226; Q4tech","og_description":"Bize Ula\u015f\u0131n Hizmetlerimiz hakk\u0131nda sorular\u0131n\u0131z\u0131 ve proje tekliflerinizi a\u015fa\u011f\u0131da form arac\u0131l\u0131\u011f\u0131yla bize iletebilir veya ileti\u015fim bilgilerimizden bizlere ula\u015fabilirsiniz. Adres Alaaddin Bey Mah.Pazar (380) Cad. No:1\/9 16120 Nil\u00fcfer-Bursa Telefon +90 532 740 71 99 E-Posta info@q4tech.com.tr","og_url":"https:\/\/q4tech.com.tr\/eng\/iletisim\/","og_site_name":"Q4tech","article_modified_time":"2021-08-25T10:42:57+00:00","og_image":[{"url":"https:\/\/q4tech.com.tr\/wp-content\/uploads\/2021\/08\/asset-4.jpg","type":"","width":"","height":""}],"twitter_card":"summary_large_image","twitter_misc":{"Estimated reading time":"1 minute"},"schema":{"@context":"https:\/\/schema.org","@graph":[{"@type":"WebPage","@id":"https:\/\/q4tech.com.tr\/iletisim\/","url":"https:\/\/q4tech.com.tr\/iletisim\/","name":"\u0130leti\u015fim &#8226; Q4tech","isPartOf":{"@id":"https:\/\/q4tech.com.tr\/#website"},"primaryImageOfPage":{"@id":"https:\/\/q4tech.com.tr\/iletisim\/#primaryimage"},"image":{"@id":"https:\/\/q4tech.com.tr\/iletisim\/#primaryimage"},"thumbnailUrl":"https:\/\/q4tech.com.tr\/wp-content\/uploads\/2021\/08\/asset-4.jpg","datePublished":"2021-08-23T10:02:14+00:00","dateModified":"2021-08-25T10:42:57+00:00","breadcrumb":{"@id":"https:\/\/q4tech.com.tr\/iletisim\/#breadcrumb"},"inLanguage":"en-GB","potentialAction":[{"@type":"ReadAction","target":["https:\/\/q4tech.com.tr\/iletisim\/"]}]},{"@type":"ImageObject","inLanguage":"en-GB","@id":"https:\/\/q4tech.com.tr\/iletisim\/#primaryimage","url":"https:\/\/q4tech.com.tr\/wp-content\/uploads\/2021\/08\/asset-4.jpg","contentUrl":"https:\/\/q4tech.com.tr\/wp-content\/uploads\/2021\/08\/asset-4.jpg"},{"@type":"BreadcrumbList","@id":"https:\/\/q4tech.com.tr\/iletisim\/#breadcrumb","itemListElement":[{"@type":"ListItem","position":1,"name":"Home","item":"https:\/\/q4tech.com.tr\/"},{"@type":"ListItem","position":2,"name":"\u0130leti\u015fim"}]},{"@type":"WebSite","@id":"https:\/\/q4tech.com.tr\/#website","url":"https:\/\/q4tech.com.tr\/","name":"Q4tecth","description":"Quick | Qualified | Questionable | Quality","publisher":{"@id":"https:\/\/q4tech.com.tr\/#organization"},"potentialAction":[{"@type":"SearchAction","target":{"@type":"EntryPoint","urlTemplate":"https:\/\/q4tech.com.tr\/?s={search_term_string}"},"query-input":{"@type":"PropertyValueSpecification","valueRequired":true,"valueName":"search_term_string"}}],"inLanguage":"en-GB"},{"@type":"Organization","@id":"https:\/\/q4tech.com.tr\/#organization","name":"Q4Tech","url":"https:\/\/q4tech.com.tr\/","logo":{"@type":"ImageObject","inLanguage":"en-GB","@id":"https:\/\/q4tech.com.tr\/#\/schema\/logo\/image\/","url":"https:\/\/q4tech.com.tr\/wp-content\/uploads\/2021\/06\/logo.svg","contentUrl":"https:\/\/q4tech.com.tr\/wp-content\/uploads\/2021\/06\/logo.svg","width":1,"height":1,"caption":"Q4Tech"},"image":{"@id":"https:\/\/q4tech.com.tr\/#\/schema\/logo\/image\/"}}]}},"_links":{"self":[{"href":"https:\/\/q4tech.com.tr\/eng\/wp-json\/wp\/v2\/pages\/59","targetHints":{"allow":["GET"]}}],"collection":[{"href":"https:\/\/q4tech.com.tr\/eng\/wp-json\/wp\/v2\/pages"}],"about":[{"href":"https:\/\/q4tech.com.tr\/eng\/wp-json\/wp\/v2\/types\/page"}],"author":[{"embeddable":true,"href":"https:\/\/q4tech.com.tr\/eng\/wp-json\/wp\/v2\/users\/1"}],"replies":[{"embeddable":true,"href":"https:\/\/q4tech.com.tr\/eng\/wp-json\/wp\/v2\/comments?post=59"}],"version-history":[{"count":22,"href":"https:\/\/q4tech.com.tr\/eng\/wp-json\/wp\/v2\/pages\/59\/revisions"}],"predecessor-version":[{"id":594,"href":"https:\/\/q4tech.com.tr\/eng\/wp-json\/wp\/v2\/pages\/59\/revisions\/594"}],"wp:attachment":[{"href":"https:\/\/q4tech.com.tr\/eng\/wp-json\/wp\/v2\/media?parent=59"}],"curies":[{"name":"wp","href":"https:\/\/api.w.org\/{rel}","templated":true}]}}