{"id":57,"date":"2021-08-23T13:02:05","date_gmt":"2021-08-23T10:02:05","guid":{"rendered":"https:\/\/q4tech.com.tr\/?page_id=57"},"modified":"2021-08-25T13:40:54","modified_gmt":"2021-08-25T10:40:54","slug":"kariyer","status":"publish","type":"page","link":"https:\/\/q4tech.com.tr\/eng\/kariyer\/","title":{"rendered":"Career"},"content":{"rendered":"\t\t<div data-elementor-type=\"wp-page\" data-elementor-id=\"57\" class=\"elementor elementor-57\" data-elementor-post-type=\"page\">\n\t\t\t\t\t\t<section class=\"elementor-section elementor-top-section elementor-element elementor-element-2da300a elementor-section-boxed elementor-section-height-default elementor-section-height-default\" data-id=\"2da300a\" data-element_type=\"section\" data-e-type=\"section\" data-settings=\"{&quot;background_background&quot;:&quot;classic&quot;,&quot;background_motion_fx_motion_fx_scrolling&quot;:&quot;yes&quot;,&quot;background_motion_fx_devices&quot;:[&quot;desktop&quot;,&quot;tablet&quot;,&quot;mobile&quot;]}\">\n\t\t\t\t\t\t<div class=\"elementor-container elementor-column-gap-default\">\n\t\t\t\t\t<div class=\"elementor-column elementor-col-100 elementor-top-column elementor-element elementor-element-fdfce28\" data-id=\"fdfce28\" data-element_type=\"column\" data-e-type=\"column\">\n\t\t\t<div class=\"elementor-widget-wrap elementor-element-populated\">\n\t\t\t\t\t\t<div class=\"elementor-element elementor-element-eb5f967 elementor-widget__width-initial elementor-widget elementor-widget-heading\" data-id=\"eb5f967\" data-element_type=\"widget\" data-e-type=\"widget\" data-widget_type=\"heading.default\">\n\t\t\t\t<div class=\"elementor-widget-container\">\n\t\t\t\t\t<h1 class=\"elementor-heading-title elementor-size-default\">\u0130nsan Kaynaklar\u0131<\/h1>\t\t\t\t<\/div>\n\t\t\t\t<\/div>\n\t\t\t\t<div class=\"elementor-element elementor-element-d6d8c78 elementor-widget__width-auto elementor-widget elementor-widget-text-editor\" data-id=\"d6d8c78\" data-element_type=\"widget\" data-e-type=\"widget\" data-widget_type=\"text-editor.default\">\n\t\t\t\t<div class=\"elementor-widget-container\">\n\t\t\t\t\t\t\t\t\t<p>Deneyimli ekibimize kat\u0131lmak i\u00e7in a\u015fa\u011f\u0131daki formu doldurun.<\/p>\t\t\t\t\t\t\t\t<\/div>\n\t\t\t\t<\/div>\n\t\t\t\t<div class=\"elementor-element elementor-element-f2d3b39 elementor-widget elementor-widget-image\" data-id=\"f2d3b39\" data-element_type=\"widget\" data-e-type=\"widget\" data-widget_type=\"image.default\">\n\t\t\t\t<div class=\"elementor-widget-container\">\n\t\t\t\t\t\t\t\t\t\t\t\t\t\t\t<img fetchpriority=\"high\" decoding=\"async\" width=\"1260\" height=\"600\" src=\"https:\/\/q4tech.com.tr\/wp-content\/uploads\/2021\/08\/asset-5.jpg\" class=\"attachment-full size-full wp-image-523\" alt=\"\" srcset=\"https:\/\/q4tech.com.tr\/wp-content\/uploads\/2021\/08\/asset-5.jpg 1260w, https:\/\/q4tech.com.tr\/wp-content\/uploads\/2021\/08\/asset-5-300x143.jpg 300w, https:\/\/q4tech.com.tr\/wp-content\/uploads\/2021\/08\/asset-5-1024x488.jpg 1024w, https:\/\/q4tech.com.tr\/wp-content\/uploads\/2021\/08\/asset-5-768x366.jpg 768w, https:\/\/q4tech.com.tr\/wp-content\/uploads\/2021\/08\/asset-5-18x9.jpg 18w\" sizes=\"(max-width: 1260px) 100vw, 1260px\" \/>\t\t\t\t\t\t\t\t\t\t\t\t\t\t\t<\/div>\n\t\t\t\t<\/div>\n\t\t\t\t<div class=\"elementor-element elementor-element-2a89b45 elementor-button-align-start elementor-widget elementor-widget-form\" data-id=\"2a89b45\" data-element_type=\"widget\" data-e-type=\"widget\" data-settings=\"{&quot;step_next_label&quot;:&quot;Next&quot;,&quot;step_previous_label&quot;:&quot;Previous&quot;,&quot;button_width&quot;:&quot;100&quot;,&quot;step_type&quot;:&quot;number_text&quot;,&quot;step_icon_shape&quot;:&quot;circle&quot;}\" data-widget_type=\"form.default\">\n\t\t\t\t<div class=\"elementor-widget-container\">\n\t\t\t\t\t\t\t<form class=\"elementor-form\" method=\"post\" name=\"New Form\">\n\t\t\t<input type=\"hidden\" name=\"post_id\" value=\"57\"\/>\n\t\t\t<input type=\"hidden\" name=\"form_id\" value=\"2a89b45\"\/>\n\t\t\t<input type=\"hidden\" name=\"referer_title\" value=\"Kariyer &#8226; Q4tech\" \/>\n\n\t\t\t\t\t\t\t<input type=\"hidden\" name=\"queried_id\" value=\"57\"\/>\n\t\t\t\n\t\t\t<div class=\"elementor-form-fields-wrapper elementor-labels-above\">\n\t\t\t\t\t\t\t\t<div class=\"elementor-field-type-text elementor-field-group elementor-column elementor-field-group-name elementor-col-33\">\n\t\t\t\t\t\t\t\t\t\t\t\t\t<input size=\"1\" type=\"text\" name=\"form_fields[name]\" id=\"form-field-name\" class=\"elementor-field elementor-size-sm  elementor-field-textual\" placeholder=\"Ad\u0131n\u0131z Soyad\u0131n\u0131z\">\n\t\t\t\t\t\t\t\t\t\t\t<\/div>\n\t\t\t\t\t\t\t\t<div class=\"elementor-field-type-email elementor-field-group elementor-column elementor-field-group-email elementor-col-33 elementor-field-required\">\n\t\t\t\t\t\t\t\t\t\t\t\t\t<input size=\"1\" type=\"email\" name=\"form_fields[email]\" id=\"form-field-email\" class=\"elementor-field elementor-size-sm  elementor-field-textual\" placeholder=\"E-Posta Adresiniz\" required=\"required\">\n\t\t\t\t\t\t\t\t\t\t\t<\/div>\n\t\t\t\t\t\t\t\t<div class=\"elementor-field-type-tel elementor-field-group elementor-column elementor-field-group-field_2426dcd elementor-col-33\">\n\t\t\t\t\t\t\t<input size=\"1\" type=\"tel\" name=\"form_fields[field_2426dcd]\" id=\"form-field-field_2426dcd\" class=\"elementor-field elementor-size-sm  elementor-field-textual\" placeholder=\"Telefonu Numaran\u0131z\" pattern=\"[0-9()#&amp;+*-=.]+\" title=\"Only numbers and phone characters (#, -, *, etc) are accepted.\">\n\n\t\t\t\t\t\t<\/div>\n\t\t\t\t\t\t\t\t<div class=\"elementor-field-type-textarea elementor-field-group elementor-column elementor-field-group-message elementor-col-100\">\n\t\t\t\t\t<textarea class=\"elementor-field-textual elementor-field  elementor-size-sm\" name=\"form_fields[message]\" id=\"form-field-message\" rows=\"1\" placeholder=\"Mesaj\u0131n\u0131z\"><\/textarea>\t\t\t\t<\/div>\n\t\t\t\t\t\t\t\t<div class=\"elementor-field-type-checkbox elementor-field-group elementor-column elementor-field-group-field_10ee350 elementor-col-100\">\n\t\t\t\t\t<div class=\"elementor-field-subgroup  \"><span class=\"elementor-field-option\"><input type=\"checkbox\" value=\"&lt;a href=&quot;https:\/\/q4tech.com.tr\/kvkk-aydinlatma-metni-ve-cerez-politikasi\/&quot;&gt;KVKK Ayd\u0131nlatma Metnini&lt;\/a&gt; okudum ve onayl\u0131yorum.\" id=\"form-field-field_10ee350-0\" name=\"form_fields[field_10ee350]\"> <label for=\"form-field-field_10ee350-0\"><a href=\"https:\/\/q4tech.com.tr\/kvkk-aydinlatma-metni-ve-cerez-politikasi\/\">KVKK Ayd\u0131nlatma Metnini<\/a> okudum ve onayl\u0131yorum.<\/label><\/span><\/div>\t\t\t\t<\/div>\n\t\t\t\t\t\t\t\t<div class=\"elementor-field-type-upload elementor-field-group elementor-column elementor-field-group-field_04d19b5 elementor-col-33\">\n\t\t\t\t\t\t\t\t\t\t\t\t<label for=\"form-field-field_04d19b5\" class=\"elementor-field-label\">\n\t\t\t\t\t\t\t\tCV'nizi buradan y\u00fckleyiniz.\t\t\t\t\t\t\t<\/label>\n\t\t\t\t\t\t\t\t<input type=\"file\" name=\"form_fields[field_04d19b5][]\" id=\"form-field-field_04d19b5\" class=\"elementor-field elementor-size-sm  elementor-upload-field\" multiple=\"multiple\" data-maxsize=\"2\" data-maxsize-message=\"This file exceeds the maximum allowed size.\">\n\n\t\t\t\t\t\t<\/div>\n\t\t\t\t\t\t\t\t<div class=\"elementor-field-type-recaptcha_v3 elementor-field-group elementor-column elementor-field-group-field_0a6a65f elementor-col-100 recaptcha_v3-inline\">\n\t\t\t\t\t<div class=\"elementor-field\" id=\"form-field-field_0a6a65f\"><div class=\"elementor-g-recaptcha\" data-sitekey=\"6LcWyh8cAAAAAEdor_uXlQzVdzjZs_euJOsmmalG\" data-type=\"v3\" data-action=\"Form\" data-badge=\"inline\" data-size=\"invisible\"><\/div><\/div>\t\t\t\t<\/div>\n\t\t\t\t\t\t\t\t<div class=\"elementor-field-group elementor-column elementor-field-type-submit elementor-col-100 e-form__buttons\">\n\t\t\t\t\t<button class=\"elementor-button elementor-size-sm\" type=\"submit\">\n\t\t\t\t\t\t<span class=\"elementor-button-content-wrapper\">\n\t\t\t\t\t\t\t\t\t\t\t\t\t\t\t\t\t\t\t\t\t\t<span class=\"elementor-button-text\">Formu G\u00f6nderin<\/span>\n\t\t\t\t\t\t\t\t\t\t\t\t\t<\/span>\n\t\t\t\t\t<\/button>\n\t\t\t\t<\/div>\n\t\t\t<\/div>\n\t\t<\/form>\n\t\t\t\t\t\t<\/div>\n\t\t\t\t<\/div>\n\t\t\t\t\t<\/div>\n\t\t<\/div>\n\t\t\t\t\t<\/div>\n\t\t<\/section>\n\t\t\t\t<\/div>\n\t\t","protected":false},"excerpt":{"rendered":"<p>\u0130nsan Kaynaklar\u0131 Deneyimli ekibimize kat\u0131lmak i\u00e7in a\u015fa\u011f\u0131daki formu doldurun.<\/p>","protected":false},"author":1,"featured_media":0,"parent":0,"menu_order":0,"comment_status":"closed","ping_status":"closed","template":"","meta":{"footnotes":""},"class_list":["post-57","page","type-page","status-publish","hentry"],"yoast_head":"<!-- This site is optimized with the Yoast SEO plugin v27.4 - https:\/\/yoast.com\/product\/yoast-seo-wordpress\/ -->\n<title>Kariyer &#8226; Q4tech<\/title>\n<meta name=\"robots\" content=\"index, follow, max-snippet:-1, max-image-preview:large, max-video-preview:-1\" \/>\n<link rel=\"canonical\" href=\"https:\/\/q4tech.com.tr\/eng\/kariyer\/\" \/>\n<meta property=\"og:locale\" content=\"en_GB\" \/>\n<meta property=\"og:type\" content=\"article\" \/>\n<meta property=\"og:title\" content=\"Kariyer &#8226; Q4tech\" \/>\n<meta property=\"og:description\" content=\"\u0130nsan Kaynaklar\u0131 Deneyimli ekibimize kat\u0131lmak i\u00e7in a\u015fa\u011f\u0131daki formu doldurun.\" \/>\n<meta property=\"og:url\" content=\"https:\/\/q4tech.com.tr\/eng\/kariyer\/\" \/>\n<meta property=\"og:site_name\" content=\"Q4tech\" \/>\n<meta property=\"article:modified_time\" content=\"2021-08-25T10:40:54+00:00\" \/>\n<meta property=\"og:image\" content=\"https:\/\/q4tech.com.tr\/wp-content\/uploads\/2021\/08\/asset-5.jpg\" \/>\n<meta name=\"twitter:card\" content=\"summary_large_image\" \/>\n<meta name=\"twitter:label1\" content=\"Estimated reading time\" \/>\n\t<meta name=\"twitter:data1\" content=\"1 minute\" \/>\n<script type=\"application\/ld+json\" class=\"yoast-schema-graph\">{\"@context\":\"https:\\\/\\\/schema.org\",\"@graph\":[{\"@type\":\"WebPage\",\"@id\":\"https:\\\/\\\/q4tech.com.tr\\\/kariyer\\\/\",\"url\":\"https:\\\/\\\/q4tech.com.tr\\\/kariyer\\\/\",\"name\":\"Kariyer &#8226; Q4tech\",\"isPartOf\":{\"@id\":\"https:\\\/\\\/q4tech.com.tr\\\/#website\"},\"primaryImageOfPage\":{\"@id\":\"https:\\\/\\\/q4tech.com.tr\\\/kariyer\\\/#primaryimage\"},\"image\":{\"@id\":\"https:\\\/\\\/q4tech.com.tr\\\/kariyer\\\/#primaryimage\"},\"thumbnailUrl\":\"http:\\\/\\\/q4tech.com.tr\\\/wp-content\\\/uploads\\\/2021\\\/08\\\/asset-5.jpg\",\"datePublished\":\"2021-08-23T10:02:05+00:00\",\"dateModified\":\"2021-08-25T10:40:54+00:00\",\"breadcrumb\":{\"@id\":\"https:\\\/\\\/q4tech.com.tr\\\/kariyer\\\/#breadcrumb\"},\"inLanguage\":\"en-GB\",\"potentialAction\":[{\"@type\":\"ReadAction\",\"target\":[\"https:\\\/\\\/q4tech.com.tr\\\/kariyer\\\/\"]}]},{\"@type\":\"ImageObject\",\"inLanguage\":\"en-GB\",\"@id\":\"https:\\\/\\\/q4tech.com.tr\\\/kariyer\\\/#primaryimage\",\"url\":\"http:\\\/\\\/q4tech.com.tr\\\/wp-content\\\/uploads\\\/2021\\\/08\\\/asset-5.jpg\",\"contentUrl\":\"http:\\\/\\\/q4tech.com.tr\\\/wp-content\\\/uploads\\\/2021\\\/08\\\/asset-5.jpg\"},{\"@type\":\"BreadcrumbList\",\"@id\":\"https:\\\/\\\/q4tech.com.tr\\\/kariyer\\\/#breadcrumb\",\"itemListElement\":[{\"@type\":\"ListItem\",\"position\":1,\"name\":\"Home\",\"item\":\"https:\\\/\\\/q4tech.com.tr\\\/\"},{\"@type\":\"ListItem\",\"position\":2,\"name\":\"Kariyer\"}]},{\"@type\":\"WebSite\",\"@id\":\"https:\\\/\\\/q4tech.com.tr\\\/#website\",\"url\":\"https:\\\/\\\/q4tech.com.tr\\\/\",\"name\":\"Q4tecth\",\"description\":\"Quick | Qualified | Questionable | Quality\",\"publisher\":{\"@id\":\"https:\\\/\\\/q4tech.com.tr\\\/#organization\"},\"potentialAction\":[{\"@type\":\"SearchAction\",\"target\":{\"@type\":\"EntryPoint\",\"urlTemplate\":\"https:\\\/\\\/q4tech.com.tr\\\/?s={search_term_string}\"},\"query-input\":{\"@type\":\"PropertyValueSpecification\",\"valueRequired\":true,\"valueName\":\"search_term_string\"}}],\"inLanguage\":\"en-GB\"},{\"@type\":\"Organization\",\"@id\":\"https:\\\/\\\/q4tech.com.tr\\\/#organization\",\"name\":\"Q4Tech\",\"url\":\"https:\\\/\\\/q4tech.com.tr\\\/\",\"logo\":{\"@type\":\"ImageObject\",\"inLanguage\":\"en-GB\",\"@id\":\"https:\\\/\\\/q4tech.com.tr\\\/#\\\/schema\\\/logo\\\/image\\\/\",\"url\":\"https:\\\/\\\/q4tech.com.tr\\\/wp-content\\\/uploads\\\/2021\\\/06\\\/logo.svg\",\"contentUrl\":\"https:\\\/\\\/q4tech.com.tr\\\/wp-content\\\/uploads\\\/2021\\\/06\\\/logo.svg\",\"width\":1,\"height\":1,\"caption\":\"Q4Tech\"},\"image\":{\"@id\":\"https:\\\/\\\/q4tech.com.tr\\\/#\\\/schema\\\/logo\\\/image\\\/\"}}]}<\/script>\n<!-- \/ Yoast SEO plugin. -->","yoast_head_json":{"title":"Kariyer &#8226; Q4tech","robots":{"index":"index","follow":"follow","max-snippet":"max-snippet:-1","max-image-preview":"max-image-preview:large","max-video-preview":"max-video-preview:-1"},"canonical":"https:\/\/q4tech.com.tr\/eng\/kariyer\/","og_locale":"en_GB","og_type":"article","og_title":"Kariyer &#8226; Q4tech","og_description":"\u0130nsan Kaynaklar\u0131 Deneyimli ekibimize kat\u0131lmak i\u00e7in a\u015fa\u011f\u0131daki formu doldurun.","og_url":"https:\/\/q4tech.com.tr\/eng\/kariyer\/","og_site_name":"Q4tech","article_modified_time":"2021-08-25T10:40:54+00:00","og_image":[{"url":"https:\/\/q4tech.com.tr\/wp-content\/uploads\/2021\/08\/asset-5.jpg","type":"","width":"","height":""}],"twitter_card":"summary_large_image","twitter_misc":{"Estimated reading time":"1 minute"},"schema":{"@context":"https:\/\/schema.org","@graph":[{"@type":"WebPage","@id":"https:\/\/q4tech.com.tr\/kariyer\/","url":"https:\/\/q4tech.com.tr\/kariyer\/","name":"Kariyer &#8226; Q4tech","isPartOf":{"@id":"https:\/\/q4tech.com.tr\/#website"},"primaryImageOfPage":{"@id":"https:\/\/q4tech.com.tr\/kariyer\/#primaryimage"},"image":{"@id":"https:\/\/q4tech.com.tr\/kariyer\/#primaryimage"},"thumbnailUrl":"https:\/\/q4tech.com.tr\/wp-content\/uploads\/2021\/08\/asset-5.jpg","datePublished":"2021-08-23T10:02:05+00:00","dateModified":"2021-08-25T10:40:54+00:00","breadcrumb":{"@id":"https:\/\/q4tech.com.tr\/kariyer\/#breadcrumb"},"inLanguage":"en-GB","potentialAction":[{"@type":"ReadAction","target":["https:\/\/q4tech.com.tr\/kariyer\/"]}]},{"@type":"ImageObject","inLanguage":"en-GB","@id":"https:\/\/q4tech.com.tr\/kariyer\/#primaryimage","url":"https:\/\/q4tech.com.tr\/wp-content\/uploads\/2021\/08\/asset-5.jpg","contentUrl":"https:\/\/q4tech.com.tr\/wp-content\/uploads\/2021\/08\/asset-5.jpg"},{"@type":"BreadcrumbList","@id":"https:\/\/q4tech.com.tr\/kariyer\/#breadcrumb","itemListElement":[{"@type":"ListItem","position":1,"name":"Home","item":"https:\/\/q4tech.com.tr\/"},{"@type":"ListItem","position":2,"name":"Kariyer"}]},{"@type":"WebSite","@id":"https:\/\/q4tech.com.tr\/#website","url":"https:\/\/q4tech.com.tr\/","name":"Q4tecth","description":"Quick | Qualified | Questionable | Quality","publisher":{"@id":"https:\/\/q4tech.com.tr\/#organization"},"potentialAction":[{"@type":"SearchAction","target":{"@type":"EntryPoint","urlTemplate":"https:\/\/q4tech.com.tr\/?s={search_term_string}"},"query-input":{"@type":"PropertyValueSpecification","valueRequired":true,"valueName":"search_term_string"}}],"inLanguage":"en-GB"},{"@type":"Organization","@id":"https:\/\/q4tech.com.tr\/#organization","name":"Q4Tech","url":"https:\/\/q4tech.com.tr\/","logo":{"@type":"ImageObject","inLanguage":"en-GB","@id":"https:\/\/q4tech.com.tr\/#\/schema\/logo\/image\/","url":"https:\/\/q4tech.com.tr\/wp-content\/uploads\/2021\/06\/logo.svg","contentUrl":"https:\/\/q4tech.com.tr\/wp-content\/uploads\/2021\/06\/logo.svg","width":1,"height":1,"caption":"Q4Tech"},"image":{"@id":"https:\/\/q4tech.com.tr\/#\/schema\/logo\/image\/"}}]}},"_links":{"self":[{"href":"https:\/\/q4tech.com.tr\/eng\/wp-json\/wp\/v2\/pages\/57","targetHints":{"allow":["GET"]}}],"collection":[{"href":"https:\/\/q4tech.com.tr\/eng\/wp-json\/wp\/v2\/pages"}],"about":[{"href":"https:\/\/q4tech.com.tr\/eng\/wp-json\/wp\/v2\/types\/page"}],"author":[{"embeddable":true,"href":"https:\/\/q4tech.com.tr\/eng\/wp-json\/wp\/v2\/users\/1"}],"replies":[{"embeddable":true,"href":"https:\/\/q4tech.com.tr\/eng\/wp-json\/wp\/v2\/comments?post=57"}],"version-history":[{"count":37,"href":"https:\/\/q4tech.com.tr\/eng\/wp-json\/wp\/v2\/pages\/57\/revisions"}],"predecessor-version":[{"id":588,"href":"https:\/\/q4tech.com.tr\/eng\/wp-json\/wp\/v2\/pages\/57\/revisions\/588"}],"wp:attachment":[{"href":"https:\/\/q4tech.com.tr\/eng\/wp-json\/wp\/v2\/media?parent=57"}],"curies":[{"name":"wp","href":"https:\/\/api.w.org\/{rel}","templated":true}]}}