{"id":53,"date":"2021-08-23T13:01:46","date_gmt":"2021-08-23T10:01:46","guid":{"rendered":"https:\/\/q4tech.com.tr\/?page_id=53"},"modified":"2021-08-25T13:39:57","modified_gmt":"2021-08-25T10:39:57","slug":"kurumsal","status":"publish","type":"page","link":"https:\/\/q4tech.com.tr\/eng\/kurumsal\/","title":{"rendered":"Corporate"},"content":{"rendered":"\t\t<div data-elementor-type=\"wp-page\" data-elementor-id=\"53\" class=\"elementor elementor-53\" data-elementor-post-type=\"page\">\n\t\t\t\t\t\t<section class=\"elementor-section elementor-top-section elementor-element elementor-element-ca5cf6e elementor-section-boxed elementor-section-height-default elementor-section-height-default\" data-id=\"ca5cf6e\" data-element_type=\"section\" data-e-type=\"section\" data-settings=\"{&quot;background_background&quot;:&quot;classic&quot;,&quot;background_motion_fx_motion_fx_scrolling&quot;:&quot;yes&quot;,&quot;background_motion_fx_devices&quot;:[&quot;desktop&quot;,&quot;tablet&quot;,&quot;mobile&quot;]}\">\n\t\t\t\t\t\t<div class=\"elementor-container elementor-column-gap-default\">\n\t\t\t\t\t<div class=\"elementor-column elementor-col-100 elementor-top-column elementor-element elementor-element-5b8261e\" data-id=\"5b8261e\" data-element_type=\"column\" data-e-type=\"column\">\n\t\t\t<div class=\"elementor-widget-wrap elementor-element-populated\">\n\t\t\t\t\t\t<div class=\"elementor-element elementor-element-180e132 elementor-widget__width-initial elementor-widget elementor-widget-heading\" data-id=\"180e132\" data-element_type=\"widget\" data-e-type=\"widget\" data-widget_type=\"heading.default\">\n\t\t\t\t<div class=\"elementor-widget-container\">\n\t\t\t\t\t<h1 class=\"elementor-heading-title elementor-size-default\">Hakk\u0131m\u0131zda<\/h1>\t\t\t\t<\/div>\n\t\t\t\t<\/div>\n\t\t\t\t<div class=\"elementor-element elementor-element-b9e00ee elementor-widget__width-initial elementor-widget elementor-widget-text-editor\" data-id=\"b9e00ee\" data-element_type=\"widget\" data-e-type=\"widget\" data-widget_type=\"text-editor.default\">\n\t\t\t\t<div class=\"elementor-widget-container\">\n\t\t\t\t\t\t\t\t\tQ4Tech olarak ge\u00e7mi\u015fin tecr\u00fcbesini \u00e7a\u011fa ayak uyduran m\u00fchendislik ve teknolojilerle birle\u015ftirerek, m\u00fc\u015fterilerimize \u00e7\u00f6z\u00fcm odakl\u0131 yakla\u015f\u0131mlarla hizmet veren bir firmay\u0131z.\t\t\t\t\t\t\t\t<\/div>\n\t\t\t\t<\/div>\n\t\t\t\t<div class=\"elementor-element elementor-element-7b739e2 elementor-widget elementor-widget-image\" data-id=\"7b739e2\" data-element_type=\"widget\" data-e-type=\"widget\" data-widget_type=\"image.default\">\n\t\t\t\t<div class=\"elementor-widget-container\">\n\t\t\t\t\t\t\t\t\t\t\t\t\t\t\t<img fetchpriority=\"high\" decoding=\"async\" width=\"1260\" height=\"600\" src=\"https:\/\/q4tech.com.tr\/wp-content\/uploads\/2021\/08\/asset-2.jpg\" class=\"attachment-full size-full wp-image-264\" alt=\"\" srcset=\"https:\/\/q4tech.com.tr\/wp-content\/uploads\/2021\/08\/asset-2.jpg 1260w, https:\/\/q4tech.com.tr\/wp-content\/uploads\/2021\/08\/asset-2-300x143.jpg 300w, https:\/\/q4tech.com.tr\/wp-content\/uploads\/2021\/08\/asset-2-1024x488.jpg 1024w, https:\/\/q4tech.com.tr\/wp-content\/uploads\/2021\/08\/asset-2-768x366.jpg 768w, https:\/\/q4tech.com.tr\/wp-content\/uploads\/2021\/08\/asset-2-18x9.jpg 18w\" sizes=\"(max-width: 1260px) 100vw, 1260px\" \/>\t\t\t\t\t\t\t\t\t\t\t\t\t\t\t<\/div>\n\t\t\t\t<\/div>\n\t\t\t\t<div class=\"elementor-element elementor-element-0cd560c elementor-widget__width-initial elementor-widget elementor-widget-text-editor\" data-id=\"0cd560c\" data-element_type=\"widget\" data-e-type=\"widget\" data-widget_type=\"text-editor.default\">\n\t\t\t\t<div class=\"elementor-widget-container\">\n\t\t\t\t\t\t\t\t\t<h2>Modern ya\u015fam\u0131 \u015fekillendirecek yeni deneyimleri <span style=\"color: #009de2;\">y\u00fcksek m\u00fchendislik standartlar\u0131m\u0131z<\/span> ve mesleki etik ile birle\u015ftirerek <span style=\"color: #009de2;\">daha iyi bir gelecek i\u00e7in<\/span> \u00e7al\u0131\u015f\u0131yoruz.<\/h2>\t\t\t\t\t\t\t\t<\/div>\n\t\t\t\t<\/div>\n\t\t\t\t<div class=\"elementor-element elementor-element-64eb114 elementor-widget-tablet__width-inherit elementor-widget elementor-widget-text-editor\" data-id=\"64eb114\" data-element_type=\"widget\" data-e-type=\"widget\" data-widget_type=\"text-editor.default\">\n\t\t\t\t<div class=\"elementor-widget-container\">\n\t\t\t\t\t\t\t\t\t<p>Gen\u00e7, dinamik ve konusunda uzman kadromuzla, i\u015f ortaklar\u0131m\u0131za A\u2019dan Z\u2019ye verdi\u011fimiz hizmette, kusursuzlu\u011fu ilke edinen mesleki politikam\u0131z ile hizmet ediyoruz.<\/p><p><br><\/p>\n<p>T\u00fcm m\u00fchendislik hizmetleri ve anahtar teslim projelerin yan\u0131 s\u0131ra, uygulamal\u0131 e\u011fitim paketleri, sistem dan\u0131\u015fmanl\u0131klar\u0131 ile de \u00fcretim faaliyetlerimize ek olarak e\u011fitim alan\u0131nda da hizmet veriyoruz.<\/p><p><br><\/p>\n<p>Uzman m\u00fchendis kadromuz ile i\u015f ortaklar\u0131m\u0131z\u0131n ihtiya\u00e7lar\u0131n\u0131 do\u011fru analiz edip, t\u00fcm talepleri tam anlam\u0131yla kar\u015f\u0131layan projeler \u00fcreterek \u00e7\u00f6z\u00fcm orta\u011f\u0131 de\u011fil  \u201c\u00e7\u00f6z\u00fcm\u00fcn kendisi\u201d oluruz.<\/p>\t\t\t\t\t\t\t\t<\/div>\n\t\t\t\t<\/div>\n\t\t\t\t\t<\/div>\n\t\t<\/div>\n\t\t\t\t\t<\/div>\n\t\t<\/section>\n\t\t\t\t<section class=\"elementor-section elementor-top-section elementor-element elementor-element-e36529b elementor-reverse-mobile elementor-section-boxed elementor-section-height-default elementor-section-height-default\" data-id=\"e36529b\" data-element_type=\"section\" data-e-type=\"section\">\n\t\t\t\t\t\t<div class=\"elementor-container elementor-column-gap-default\">\n\t\t\t\t\t<div class=\"elementor-column elementor-col-50 elementor-top-column elementor-element elementor-element-2d899be\" data-id=\"2d899be\" data-element_type=\"column\" data-e-type=\"column\">\n\t\t\t<div class=\"elementor-widget-wrap elementor-element-populated\">\n\t\t\t\t\t\t<div class=\"elementor-element elementor-element-a119a3f elementor-widget elementor-widget-heading\" data-id=\"a119a3f\" data-element_type=\"widget\" data-e-type=\"widget\" data-widget_type=\"heading.default\">\n\t\t\t\t<div class=\"elementor-widget-container\">\n\t\t\t\t\t<h3 class=\"elementor-heading-title elementor-size-default\">Misyon<\/h3>\t\t\t\t<\/div>\n\t\t\t\t<\/div>\n\t\t\t\t<div class=\"elementor-element elementor-element-9576162 elementor-widget-mobile__width-inherit elementor-widget elementor-widget-text-editor\" data-id=\"9576162\" data-element_type=\"widget\" data-e-type=\"widget\" data-widget_type=\"text-editor.default\">\n\t\t\t\t<div class=\"elementor-widget-container\">\n\t\t\t\t\t\t\t\t\t<p>\u201cG\u00fcven\u201d ve \u201cde\u011fer\u201d esas\u0131na dayal\u0131 ilkelerle, end\u00fcstriyel geli\u015fmeleri yak\u0131ndan takip ederek, sahip oldu\u011fu teknik tecr\u00fcbeyi kalite, yenilik ve operasyonel m\u00fckemmellik ilkelerimizle m\u00fc\u015fterilerimize sunmak. <\/p><p><br><\/p>\n<p>\u00c7\u00f6z\u00fcm orta\u011f\u0131 de\u011fil, \u00e7\u00f6z\u00fcm\u00fcn kendisi olan, oda\u011f\u0131nda m\u00fc\u015fteri ile b\u00fcy\u00fcyen, geli\u015fen,  geli\u015ftiren, verimlilik ve optimizasyon ile dengeyi sa\u011flayan sonu\u00e7lar ve de\u011fer \u00fcreten bir i\u015fletme olmak.<\/p><p><br><\/p>\n<p>T\u00fcm ekip arkada\u015flar\u0131m\u0131z\u0131n b\u00fcnyemizde olmaktan gurur duyacaklar\u0131, g\u00fcvenli, modern ve ileri teknolojiye sahip bir \u00e7al\u0131\u015fma ortam\u0131 yaratmak.<\/p>\t\t\t\t\t\t\t\t<\/div>\n\t\t\t\t<\/div>\n\t\t\t\t\t<\/div>\n\t\t<\/div>\n\t\t\t\t<div class=\"elementor-column elementor-col-50 elementor-top-column elementor-element elementor-element-ebc86c4\" data-id=\"ebc86c4\" data-element_type=\"column\" data-e-type=\"column\">\n\t\t\t<div class=\"elementor-widget-wrap elementor-element-populated\">\n\t\t\t\t\t\t<div class=\"elementor-element elementor-element-97b7930 elementor-widget elementor-widget-image\" data-id=\"97b7930\" data-element_type=\"widget\" data-e-type=\"widget\" data-widget_type=\"image.default\">\n\t\t\t\t<div class=\"elementor-widget-container\">\n\t\t\t\t\t\t\t\t\t\t\t\t\t\t\t<img decoding=\"async\" width=\"511\" height=\"516\" src=\"https:\/\/q4tech.com.tr\/wp-content\/uploads\/2021\/08\/Group-12.svg\" class=\"attachment-full size-full wp-image-278\" alt=\"\" \/>\t\t\t\t\t\t\t\t\t\t\t\t\t\t\t<\/div>\n\t\t\t\t<\/div>\n\t\t\t\t\t<\/div>\n\t\t<\/div>\n\t\t\t\t\t<\/div>\n\t\t<\/section>\n\t\t\t\t<section class=\"elementor-section elementor-top-section elementor-element elementor-element-4eb699c elementor-section-boxed elementor-section-height-default elementor-section-height-default\" data-id=\"4eb699c\" data-element_type=\"section\" data-e-type=\"section\">\n\t\t\t\t\t\t<div class=\"elementor-container elementor-column-gap-default\">\n\t\t\t\t\t<div class=\"elementor-column elementor-col-50 elementor-top-column elementor-element elementor-element-d9dc7ef\" data-id=\"d9dc7ef\" data-element_type=\"column\" data-e-type=\"column\">\n\t\t\t<div class=\"elementor-widget-wrap elementor-element-populated\">\n\t\t\t\t\t\t<div class=\"elementor-element elementor-element-445d909 elementor-widget elementor-widget-image\" data-id=\"445d909\" data-element_type=\"widget\" data-e-type=\"widget\" data-widget_type=\"image.default\">\n\t\t\t\t<div class=\"elementor-widget-container\">\n\t\t\t\t\t\t\t\t\t\t\t\t\t\t\t<img decoding=\"async\" width=\"507\" height=\"440\" src=\"https:\/\/q4tech.com.tr\/wp-content\/uploads\/2021\/08\/Group-28.svg\" class=\"attachment-full size-full wp-image-279\" alt=\"\" \/>\t\t\t\t\t\t\t\t\t\t\t\t\t\t\t<\/div>\n\t\t\t\t<\/div>\n\t\t\t\t\t<\/div>\n\t\t<\/div>\n\t\t\t\t<div class=\"elementor-column elementor-col-50 elementor-top-column elementor-element elementor-element-db8f71d\" data-id=\"db8f71d\" data-element_type=\"column\" data-e-type=\"column\">\n\t\t\t<div class=\"elementor-widget-wrap elementor-element-populated\">\n\t\t\t\t\t\t<div class=\"elementor-element elementor-element-93335b0 elementor-widget elementor-widget-heading\" data-id=\"93335b0\" data-element_type=\"widget\" data-e-type=\"widget\" data-widget_type=\"heading.default\">\n\t\t\t\t<div class=\"elementor-widget-container\">\n\t\t\t\t\t<h3 class=\"elementor-heading-title elementor-size-default\">Vizyon<\/h3>\t\t\t\t<\/div>\n\t\t\t\t<\/div>\n\t\t\t\t<div class=\"elementor-element elementor-element-bb6ae1c elementor-widget__width-initial elementor-widget elementor-widget-text-editor\" data-id=\"bb6ae1c\" data-element_type=\"widget\" data-e-type=\"widget\" data-widget_type=\"text-editor.default\">\n\t\t\t\t<div class=\"elementor-widget-container\">\n\t\t\t\t\t\t\t\t\tKalite de\u011ferlerinden vazge\u00e7meden m\u00fc\u015fterilerimizin beklentilerini kar\u015f\u0131layan ve a\u015fan, s\u00fcrekli iyile\u015fmeyi ve geli\u015fmeyi benimseyen, h\u0131zla geli\u015fen teknolojiyi takip edip adapte olarak hizmetlerine yans\u0131tan, alan\u0131nda lider-sekt\u00f6r\u00fcnde \u00f6nder olan, u\u00e7tan-uca hizmet sunan, marka g\u00fcvenilirli\u011fi y\u00fcksek, lider bir \u015firket olmak.\t\t\t\t\t\t\t\t<\/div>\n\t\t\t\t<\/div>\n\t\t\t\t\t<\/div>\n\t\t<\/div>\n\t\t\t\t\t<\/div>\n\t\t<\/section>\n\t\t\t\t<\/div>\n\t\t","protected":false},"excerpt":{"rendered":"<p>Hakk\u0131m\u0131zda Q4Tech olarak ge\u00e7mi\u015fin tecr\u00fcbesini \u00e7a\u011fa ayak uyduran m\u00fchendislik ve teknolojilerle birle\u015ftirerek, m\u00fc\u015fterilerimize \u00e7\u00f6z\u00fcm odakl\u0131 yakla\u015f\u0131mlarla hizmet veren bir firmay\u0131z. Modern ya\u015fam\u0131 \u015fekillendirecek yeni deneyimleri y\u00fcksek m\u00fchendislik standartlar\u0131m\u0131z ve mesleki etik ile birle\u015ftirerek daha iyi bir gelecek i\u00e7in \u00e7al\u0131\u015f\u0131yoruz. Gen\u00e7, dinamik ve konusunda uzman kadromuzla, i\u015f ortaklar\u0131m\u0131za A\u2019dan Z\u2019ye verdi\u011fimiz hizmette, kusursuzlu\u011fu ilke edinen mesleki [&hellip;]<\/p>\n","protected":false},"author":1,"featured_media":0,"parent":0,"menu_order":0,"comment_status":"closed","ping_status":"closed","template":"","meta":{"footnotes":""},"class_list":["post-53","page","type-page","status-publish","hentry"],"yoast_head":"<!-- This site is optimized with the Yoast SEO plugin v27.4 - https:\/\/yoast.com\/product\/yoast-seo-wordpress\/ -->\n<title>Kurumsal &#8226; Q4tech<\/title>\n<meta name=\"robots\" content=\"index, follow, max-snippet:-1, max-image-preview:large, max-video-preview:-1\" \/>\n<link rel=\"canonical\" href=\"https:\/\/q4tech.com.tr\/eng\/kurumsal\/\" \/>\n<meta property=\"og:locale\" content=\"en_GB\" \/>\n<meta property=\"og:type\" content=\"article\" \/>\n<meta property=\"og:title\" content=\"Kurumsal &#8226; Q4tech\" \/>\n<meta property=\"og:description\" content=\"Hakk\u0131m\u0131zda Q4Tech olarak ge\u00e7mi\u015fin tecr\u00fcbesini \u00e7a\u011fa ayak uyduran m\u00fchendislik ve teknolojilerle birle\u015ftirerek, m\u00fc\u015fterilerimize \u00e7\u00f6z\u00fcm odakl\u0131 yakla\u015f\u0131mlarla hizmet veren bir firmay\u0131z. Modern ya\u015fam\u0131 \u015fekillendirecek yeni deneyimleri y\u00fcksek m\u00fchendislik standartlar\u0131m\u0131z ve mesleki etik ile birle\u015ftirerek daha iyi bir gelecek i\u00e7in \u00e7al\u0131\u015f\u0131yoruz. Gen\u00e7, dinamik ve konusunda uzman kadromuzla, i\u015f ortaklar\u0131m\u0131za A\u2019dan Z\u2019ye verdi\u011fimiz hizmette, kusursuzlu\u011fu ilke edinen mesleki [&hellip;]\" \/>\n<meta property=\"og:url\" content=\"https:\/\/q4tech.com.tr\/eng\/kurumsal\/\" \/>\n<meta property=\"og:site_name\" content=\"Q4tech\" \/>\n<meta property=\"article:modified_time\" content=\"2021-08-25T10:39:57+00:00\" \/>\n<meta property=\"og:image\" content=\"https:\/\/q4tech.com.tr\/wp-content\/uploads\/2021\/08\/asset-2.jpg\" \/>\n<meta name=\"twitter:card\" content=\"summary_large_image\" \/>\n<meta name=\"twitter:label1\" content=\"Estimated reading time\" \/>\n\t<meta name=\"twitter:data1\" content=\"2 minutes\" \/>\n<script type=\"application\/ld+json\" class=\"yoast-schema-graph\">{\"@context\":\"https:\\\/\\\/schema.org\",\"@graph\":[{\"@type\":\"WebPage\",\"@id\":\"https:\\\/\\\/q4tech.com.tr\\\/kurumsal\\\/\",\"url\":\"https:\\\/\\\/q4tech.com.tr\\\/kurumsal\\\/\",\"name\":\"Kurumsal &#8226; Q4tech\",\"isPartOf\":{\"@id\":\"https:\\\/\\\/q4tech.com.tr\\\/#website\"},\"primaryImageOfPage\":{\"@id\":\"https:\\\/\\\/q4tech.com.tr\\\/kurumsal\\\/#primaryimage\"},\"image\":{\"@id\":\"https:\\\/\\\/q4tech.com.tr\\\/kurumsal\\\/#primaryimage\"},\"thumbnailUrl\":\"http:\\\/\\\/q4tech.com.tr\\\/wp-content\\\/uploads\\\/2021\\\/08\\\/asset-2.jpg\",\"datePublished\":\"2021-08-23T10:01:46+00:00\",\"dateModified\":\"2021-08-25T10:39:57+00:00\",\"breadcrumb\":{\"@id\":\"https:\\\/\\\/q4tech.com.tr\\\/kurumsal\\\/#breadcrumb\"},\"inLanguage\":\"en-GB\",\"potentialAction\":[{\"@type\":\"ReadAction\",\"target\":[\"https:\\\/\\\/q4tech.com.tr\\\/kurumsal\\\/\"]}]},{\"@type\":\"ImageObject\",\"inLanguage\":\"en-GB\",\"@id\":\"https:\\\/\\\/q4tech.com.tr\\\/kurumsal\\\/#primaryimage\",\"url\":\"http:\\\/\\\/q4tech.com.tr\\\/wp-content\\\/uploads\\\/2021\\\/08\\\/asset-2.jpg\",\"contentUrl\":\"http:\\\/\\\/q4tech.com.tr\\\/wp-content\\\/uploads\\\/2021\\\/08\\\/asset-2.jpg\"},{\"@type\":\"BreadcrumbList\",\"@id\":\"https:\\\/\\\/q4tech.com.tr\\\/kurumsal\\\/#breadcrumb\",\"itemListElement\":[{\"@type\":\"ListItem\",\"position\":1,\"name\":\"Home\",\"item\":\"https:\\\/\\\/q4tech.com.tr\\\/\"},{\"@type\":\"ListItem\",\"position\":2,\"name\":\"Kurumsal\"}]},{\"@type\":\"WebSite\",\"@id\":\"https:\\\/\\\/q4tech.com.tr\\\/#website\",\"url\":\"https:\\\/\\\/q4tech.com.tr\\\/\",\"name\":\"Q4tecth\",\"description\":\"Quick | Qualified | Questionable | Quality\",\"publisher\":{\"@id\":\"https:\\\/\\\/q4tech.com.tr\\\/#organization\"},\"potentialAction\":[{\"@type\":\"SearchAction\",\"target\":{\"@type\":\"EntryPoint\",\"urlTemplate\":\"https:\\\/\\\/q4tech.com.tr\\\/?s={search_term_string}\"},\"query-input\":{\"@type\":\"PropertyValueSpecification\",\"valueRequired\":true,\"valueName\":\"search_term_string\"}}],\"inLanguage\":\"en-GB\"},{\"@type\":\"Organization\",\"@id\":\"https:\\\/\\\/q4tech.com.tr\\\/#organization\",\"name\":\"Q4Tech\",\"url\":\"https:\\\/\\\/q4tech.com.tr\\\/\",\"logo\":{\"@type\":\"ImageObject\",\"inLanguage\":\"en-GB\",\"@id\":\"https:\\\/\\\/q4tech.com.tr\\\/#\\\/schema\\\/logo\\\/image\\\/\",\"url\":\"https:\\\/\\\/q4tech.com.tr\\\/wp-content\\\/uploads\\\/2021\\\/06\\\/logo.svg\",\"contentUrl\":\"https:\\\/\\\/q4tech.com.tr\\\/wp-content\\\/uploads\\\/2021\\\/06\\\/logo.svg\",\"width\":1,\"height\":1,\"caption\":\"Q4Tech\"},\"image\":{\"@id\":\"https:\\\/\\\/q4tech.com.tr\\\/#\\\/schema\\\/logo\\\/image\\\/\"}}]}<\/script>\n<!-- \/ Yoast SEO plugin. -->","yoast_head_json":{"title":"Kurumsal &#8226; Q4tech","robots":{"index":"index","follow":"follow","max-snippet":"max-snippet:-1","max-image-preview":"max-image-preview:large","max-video-preview":"max-video-preview:-1"},"canonical":"https:\/\/q4tech.com.tr\/eng\/kurumsal\/","og_locale":"en_GB","og_type":"article","og_title":"Kurumsal &#8226; Q4tech","og_description":"Hakk\u0131m\u0131zda Q4Tech olarak ge\u00e7mi\u015fin tecr\u00fcbesini \u00e7a\u011fa ayak uyduran m\u00fchendislik ve teknolojilerle birle\u015ftirerek, m\u00fc\u015fterilerimize \u00e7\u00f6z\u00fcm odakl\u0131 yakla\u015f\u0131mlarla hizmet veren bir firmay\u0131z. Modern ya\u015fam\u0131 \u015fekillendirecek yeni deneyimleri y\u00fcksek m\u00fchendislik standartlar\u0131m\u0131z ve mesleki etik ile birle\u015ftirerek daha iyi bir gelecek i\u00e7in \u00e7al\u0131\u015f\u0131yoruz. Gen\u00e7, dinamik ve konusunda uzman kadromuzla, i\u015f ortaklar\u0131m\u0131za A\u2019dan Z\u2019ye verdi\u011fimiz hizmette, kusursuzlu\u011fu ilke edinen mesleki [&hellip;]","og_url":"https:\/\/q4tech.com.tr\/eng\/kurumsal\/","og_site_name":"Q4tech","article_modified_time":"2021-08-25T10:39:57+00:00","og_image":[{"url":"https:\/\/q4tech.com.tr\/wp-content\/uploads\/2021\/08\/asset-2.jpg","type":"","width":"","height":""}],"twitter_card":"summary_large_image","twitter_misc":{"Estimated reading time":"2 minutes"},"schema":{"@context":"https:\/\/schema.org","@graph":[{"@type":"WebPage","@id":"https:\/\/q4tech.com.tr\/kurumsal\/","url":"https:\/\/q4tech.com.tr\/kurumsal\/","name":"Kurumsal &#8226; Q4tech","isPartOf":{"@id":"https:\/\/q4tech.com.tr\/#website"},"primaryImageOfPage":{"@id":"https:\/\/q4tech.com.tr\/kurumsal\/#primaryimage"},"image":{"@id":"https:\/\/q4tech.com.tr\/kurumsal\/#primaryimage"},"thumbnailUrl":"https:\/\/q4tech.com.tr\/wp-content\/uploads\/2021\/08\/asset-2.jpg","datePublished":"2021-08-23T10:01:46+00:00","dateModified":"2021-08-25T10:39:57+00:00","breadcrumb":{"@id":"https:\/\/q4tech.com.tr\/kurumsal\/#breadcrumb"},"inLanguage":"en-GB","potentialAction":[{"@type":"ReadAction","target":["https:\/\/q4tech.com.tr\/kurumsal\/"]}]},{"@type":"ImageObject","inLanguage":"en-GB","@id":"https:\/\/q4tech.com.tr\/kurumsal\/#primaryimage","url":"https:\/\/q4tech.com.tr\/wp-content\/uploads\/2021\/08\/asset-2.jpg","contentUrl":"https:\/\/q4tech.com.tr\/wp-content\/uploads\/2021\/08\/asset-2.jpg"},{"@type":"BreadcrumbList","@id":"https:\/\/q4tech.com.tr\/kurumsal\/#breadcrumb","itemListElement":[{"@type":"ListItem","position":1,"name":"Home","item":"https:\/\/q4tech.com.tr\/"},{"@type":"ListItem","position":2,"name":"Kurumsal"}]},{"@type":"WebSite","@id":"https:\/\/q4tech.com.tr\/#website","url":"https:\/\/q4tech.com.tr\/","name":"Q4tecth","description":"Quick | Qualified | Questionable | Quality","publisher":{"@id":"https:\/\/q4tech.com.tr\/#organization"},"potentialAction":[{"@type":"SearchAction","target":{"@type":"EntryPoint","urlTemplate":"https:\/\/q4tech.com.tr\/?s={search_term_string}"},"query-input":{"@type":"PropertyValueSpecification","valueRequired":true,"valueName":"search_term_string"}}],"inLanguage":"en-GB"},{"@type":"Organization","@id":"https:\/\/q4tech.com.tr\/#organization","name":"Q4Tech","url":"https:\/\/q4tech.com.tr\/","logo":{"@type":"ImageObject","inLanguage":"en-GB","@id":"https:\/\/q4tech.com.tr\/#\/schema\/logo\/image\/","url":"https:\/\/q4tech.com.tr\/wp-content\/uploads\/2021\/06\/logo.svg","contentUrl":"https:\/\/q4tech.com.tr\/wp-content\/uploads\/2021\/06\/logo.svg","width":1,"height":1,"caption":"Q4Tech"},"image":{"@id":"https:\/\/q4tech.com.tr\/#\/schema\/logo\/image\/"}}]}},"_links":{"self":[{"href":"https:\/\/q4tech.com.tr\/eng\/wp-json\/wp\/v2\/pages\/53","targetHints":{"allow":["GET"]}}],"collection":[{"href":"https:\/\/q4tech.com.tr\/eng\/wp-json\/wp\/v2\/pages"}],"about":[{"href":"https:\/\/q4tech.com.tr\/eng\/wp-json\/wp\/v2\/types\/page"}],"author":[{"embeddable":true,"href":"https:\/\/q4tech.com.tr\/eng\/wp-json\/wp\/v2\/users\/1"}],"replies":[{"embeddable":true,"href":"https:\/\/q4tech.com.tr\/eng\/wp-json\/wp\/v2\/comments?post=53"}],"version-history":[{"count":52,"href":"https:\/\/q4tech.com.tr\/eng\/wp-json\/wp\/v2\/pages\/53\/revisions"}],"predecessor-version":[{"id":582,"href":"https:\/\/q4tech.com.tr\/eng\/wp-json\/wp\/v2\/pages\/53\/revisions\/582"}],"wp:attachment":[{"href":"https:\/\/q4tech.com.tr\/eng\/wp-json\/wp\/v2\/media?parent=53"}],"curies":[{"name":"wp","href":"https:\/\/api.w.org\/{rel}","templated":true}]}}